{"id":31,"date":"2015-10-21T12:34:01","date_gmt":"2015-10-21T14:34:01","guid":{"rendered":"http:\/\/test.kriesi.at\/construction\/?page_id=31"},"modified":"2021-12-16T11:50:33","modified_gmt":"2021-12-16T14:50:33","slug":"empresa","status":"publish","type":"page","link":"https:\/\/www.semprecreditoimobiliario.com.br\/index.php\/empresa\/","title":{"rendered":"Empresa"},"content":{"rendered":"<div id='full_slider_1'  class='avia-fullwidth-slider main_color avia-shadow   avia-builder-el-0  el_before_av_section  avia-builder-el-first   container_wrap sidebar_right' style=' '  ><div   data-size='featured_large'  data-lightbox_size='large'  data-animation='fade'  data-conditional_play=''  data-ids='452,453'  data-video_counter='0'  data-autoplay='true'  data-bg_slider='false'  data-slide_height=''  data-handle='av_slideshow_full'  data-interval='5'  data-class=' '  data-el_id=''  data-css_id=''  data-scroll_down=''  data-control_layout='av-control-hidden'  data-custom_markup=''  data-perma_caption=''  data-autoplay_stopper=''  data-image_attachment=''  data-min_height='0px'  data-lazy_loading='disabled'  data-src=''  data-position='top left'  data-repeat='no-repeat'  data-attach='scroll'  data-stretch=''  data-default-height='42'  class='avia-slideshow avia-slideshow-1  av-control-hidden av-default-height-applied avia-slideshow-featured_large av_slideshow_full   avia-fade-slider '  itemprop=\"image\" itemscope=\"itemscope\" itemtype=\"https:\/\/schema.org\/ImageObject\" ><ul class='avia-slideshow-inner ' style='padding-bottom: 42%;' ><li  class=' slide-1 ' ><div data-rel='slideshow-1' class='avia-slide-wrap '   ><img decoding=\"async\" class=\"wp-image-452 avia-img-lazy-loading-not-452\"  src=\"https:\/\/www.semprecreditoimobiliario.com.br\/wp-content\/uploads\/2021\/12\/v1-1500x630.jpg\" width=\"1500\" height=\"630\" title='v1' alt=''  itemprop=\"thumbnailUrl\" srcset=\"https:\/\/www.semprecreditoimobiliario.com.br\/wp-content\/uploads\/2021\/12\/v1-1500x631.jpg 1500w, https:\/\/www.semprecreditoimobiliario.com.br\/wp-content\/uploads\/2021\/12\/v1-300x126.jpg 300w, https:\/\/www.semprecreditoimobiliario.com.br\/wp-content\/uploads\/2021\/12\/v1-1030x433.jpg 1030w, https:\/\/www.semprecreditoimobiliario.com.br\/wp-content\/uploads\/2021\/12\/v1-768x323.jpg 768w, https:\/\/www.semprecreditoimobiliario.com.br\/wp-content\/uploads\/2021\/12\/v1-1536x646.jpg 1536w, https:\/\/www.semprecreditoimobiliario.com.br\/wp-content\/uploads\/2021\/12\/v1-705x296.jpg 705w, https:\/\/www.semprecreditoimobiliario.com.br\/wp-content\/uploads\/2021\/12\/v1.jpg 1701w\" sizes=\"(max-width: 1500px) 100vw, 1500px\" \/><\/div><\/li><li  class=' slide-2 ' ><div data-rel='slideshow-1' class='avia-slide-wrap '   ><img decoding=\"async\" class=\"wp-image-453 avia-img-lazy-loading-not-453\"  src=\"https:\/\/www.semprecreditoimobiliario.com.br\/wp-content\/uploads\/2021\/12\/v2-1500x630.jpg\" width=\"1500\" height=\"630\" title='v2' alt=''  itemprop=\"thumbnailUrl\" srcset=\"https:\/\/www.semprecreditoimobiliario.com.br\/wp-content\/uploads\/2021\/12\/v2-1500x631.jpg 1500w, https:\/\/www.semprecreditoimobiliario.com.br\/wp-content\/uploads\/2021\/12\/v2-300x126.jpg 300w, https:\/\/www.semprecreditoimobiliario.com.br\/wp-content\/uploads\/2021\/12\/v2-1030x433.jpg 1030w, https:\/\/www.semprecreditoimobiliario.com.br\/wp-content\/uploads\/2021\/12\/v2-768x323.jpg 768w, https:\/\/www.semprecreditoimobiliario.com.br\/wp-content\/uploads\/2021\/12\/v2-1536x646.jpg 1536w, https:\/\/www.semprecreditoimobiliario.com.br\/wp-content\/uploads\/2021\/12\/v2-705x296.jpg 705w, https:\/\/www.semprecreditoimobiliario.com.br\/wp-content\/uploads\/2021\/12\/v2.jpg 1701w\" sizes=\"(max-width: 1500px) 100vw, 1500px\" \/><\/div><\/li><\/ul><div class='avia-slideshow-arrows avia-slideshow-controls'><a href='#prev' class='prev-slide' aria-hidden='true' data-av_icon='\ue87c' data-av_iconfont='entypo-fontello'>Anterior<\/a><a href='#next' class='next-slide' aria-hidden='true' data-av_icon='\ue87d' data-av_iconfont='entypo-fontello'>Pr\u00f3ximo<\/a><\/div><div class='avia-slideshow-dots avia-slideshow-controls'><a href='#1' class='goto-slide active' >1<\/a><a href='#2' class='goto-slide ' >2<\/a><\/div><\/div><\/div>\n<div id='av_section_1'  class='avia-section main_color avia-section-large avia-no-border-styling  avia-bg-style-scroll  avia-builder-el-1  el_after_av_slideshow_full  el_before_av_section   container_wrap sidebar_right' style=' '  ><div class='container' ><div class='template-page content  av-content-small alpha units'><div class='post-entry post-entry-type-page post-entry-31'><div class='entry-content-wrapper clearfix'>\n<div  style='padding-bottom:0px; ' class='av-special-heading av-special-heading-h2  blockquote modern-quote modern-centered  avia-builder-el-2  el_before_av_hr  avia-builder-el-first  '><h2 class='av-special-heading-tag '  itemprop=\"headline\"  >Nossos valores, nossa miss\u00e3o e nossa vis\u00e3o.<\/h2><div class='special-heading-border'><div class='special-heading-inner-border' ><\/div><\/div><\/div>\n<div  style=' margin-top:5px; margin-bottom:75px;'  class='hr hr-custom hr-center hr-icon-no   avia-builder-el-3  el_after_av_heading  el_before_av_one_third '><span class='hr-inner  inner-border-av-border-fat' style=' width:50px; border-color:#064d44;' ><span class='hr-inner-style'><\/span><\/span><\/div>\n<div class=\"flex_column av_one_third  av-animated-generic bottom-to-top  flex_column_div av-zero-column-padding first  avia-builder-el-4  el_after_av_hr  el_before_av_one_third  \" style='border-radius:0px; '><article  class=\"iconbox iconbox_left_content    avia-builder-el-5  avia-builder-el-no-sibling  \"  itemscope=\"itemscope\" itemtype=\"https:\/\/schema.org\/CreativeWork\" ><div class=\"iconbox_icon heading-color\" aria-hidden='true' data-av_icon='\ue8a8' data-av_iconfont='entypo-fontello'  ><\/div><div class=\"iconbox_content\"><header class=\"entry-content-header\"><h3 class='iconbox_content_title  '  itemprop=\"headline\"  >Miss\u00e3o<\/h3><\/header><div class='iconbox_content_container  '  itemprop=\"text\"  ><p>Prestar consultoria inteligente, oferecendo sempre o melhor para voc\u00ea.<\/p>\n<\/div><\/div><footer class=\"entry-footer\"><\/footer><\/article><\/div><div class=\"flex_column av_one_third  av-animated-generic bottom-to-top  flex_column_div av-zero-column-padding   avia-builder-el-6  el_after_av_one_third  el_before_av_one_third  \" style='border-radius:0px; '><article  class=\"iconbox iconbox_left_content    avia-builder-el-7  avia-builder-el-no-sibling  \"  itemscope=\"itemscope\" itemtype=\"https:\/\/schema.org\/CreativeWork\" ><div class=\"iconbox_icon heading-color\" aria-hidden='true' data-av_icon='\ue826' data-av_iconfont='entypo-fontello'  ><\/div><div class=\"iconbox_content\"><header class=\"entry-content-header\"><h3 class='iconbox_content_title  '  itemprop=\"headline\"  >Vis\u00e3o<\/h3><\/header><div class='iconbox_content_container  '  itemprop=\"text\"  ><p>Ser refer\u00eancia com excel\u00eancia na presta\u00e7\u00e3o de servi\u00e7os de cr\u00e9dito imobili\u00e1rio.<\/p>\n<\/div><\/div><footer class=\"entry-footer\"><\/footer><\/article><\/div><div class=\"flex_column av_one_third  av-animated-generic bottom-to-top  flex_column_div av-zero-column-padding   avia-builder-el-8  el_after_av_one_third  avia-builder-el-last  \" style='border-radius:0px; '><article  class=\"iconbox iconbox_left_content    avia-builder-el-9  avia-builder-el-no-sibling  \"  itemscope=\"itemscope\" itemtype=\"https:\/\/schema.org\/CreativeWork\" ><div class=\"iconbox_icon heading-color\" aria-hidden='true' data-av_icon='\ue82a' data-av_iconfont='entypo-fontello'  ><\/div><div class=\"iconbox_content\"><header class=\"entry-content-header\"><h3 class='iconbox_content_title  '  itemprop=\"headline\"  >Valores<\/h3><\/header><div class='iconbox_content_container  '  itemprop=\"text\"  ><p>Satisfa\u00e7\u00e3o do cliente, responsabilidade e respeito \u00e0s pessoas e ao meio ambiente. Honestidade e transpar\u00eancia.<\/p>\n<\/div><\/div><footer class=\"entry-footer\"><\/footer><\/article><\/div>\n\n<\/div><\/div><\/div><!-- close content main div --><\/div><\/div><div id='av_section_2'  class='avia-section main_color avia-section-large avia-no-shadow  avia-bg-style-scroll  avia-builder-el-10  el_after_av_section  avia-builder-el-last   container_wrap sidebar_right' style='background-color: #fcfcfc;  '  ><div class='container' ><div class='template-page content  av-content-small alpha units'><div class='post-entry post-entry-type-page post-entry-31'><div class='entry-content-wrapper clearfix'>\n<div class=\"flex_column av_one_full  av-animated-generic bottom-to-top  flex_column_div first  avia-builder-el-11  el_before_av_one_full  avia-builder-el-first  \" style='border-width:1px; border-color:#e1e1e1; border-style:solid; padding:20px; background-color:#ffffff; border-radius:0px; '><section class=\"av_textblock_section \"  itemscope=\"itemscope\" itemtype=\"https:\/\/schema.org\/CreativeWork\" ><div class='avia_textblock  '   itemprop=\"text\" ><p>A Sempre Cr\u00e9dito Imobili\u00e1rio tem o compromisso de buscar a excel\u00eancia no servi\u00e7o que presta e estabelece como pol\u00edtica de gest\u00e3o um conjunto de objetivos que devem ser seguidos por todos os colaboradores. S\u00e3o eles:<\/p>\n<p>1) Ter como foco a melhoria cont\u00ednua dos resultados, inovando em processos e m\u00e9todos de trabalho que possam resultar em ganho de tempo para todos os envolvidos;<\/p>\n<p>2) Priorizar o atendimento ao cliente, buscando sempre a satisfa\u00e7\u00e3o e a excel\u00eancia de nossas solu\u00e7\u00f5es em Cr\u00e9dito Imobili\u00e1rio com trabalho honesto e confi\u00e1vel;<\/p>\n<p>3) \u00a0Fortalecer financeiramente a empresa, evitando quaisquer gastos sup\u00e9rfluos ou desperd\u00edcios;<\/p>\n<p>4) \u00a0Cumprir as leis aplic\u00e1veis \u00e0 atividade e tamb\u00e9m as normativas e procedimentos internos, disponibilizando \u00e0s partes envolvidas, informa\u00e7\u00f5es precisas e atualizadas.<\/p>\n<\/div><\/section><\/div><div class=\"flex_column av_one_full  av-animated-generic bottom-to-top  flex_column_div av-zero-column-padding first  avia-builder-el-13  el_after_av_one_full  avia-builder-el-last  column-top-margin\" style='border-radius:0px; '><div  class='avia-image-container  av-styling-no-styling    avia-builder-el-14  avia-builder-el-no-sibling  avia-align-center '  itemprop=\"image\" itemscope=\"itemscope\" itemtype=\"https:\/\/schema.org\/ImageObject\"  ><div class='avia-image-container-inner'><div class='avia-image-overlay-wrap'><img decoding=\"async\" class='wp-image-353 avia-img-lazy-loading-not-353 avia_image' src=\"https:\/\/www.semprecreditoimobiliario.com.br\/wp-content\/uploads\/2021\/12\/great-place-to-work-495x400.jpeg\" alt='' title='great-place-to-work' height=\"400\" width=\"495\"  itemprop=\"thumbnailUrl\" srcset=\"https:\/\/www.semprecreditoimobiliario.com.br\/wp-content\/uploads\/2021\/12\/great-place-to-work-495x400.jpeg 495w, https:\/\/www.semprecreditoimobiliario.com.br\/wp-content\/uploads\/2021\/12\/great-place-to-work-845x684.jpeg 845w\" sizes=\"(max-width: 495px) 100vw, 495px\" \/><\/div><\/div><\/div><\/div>\n<\/div><\/div><\/div><!-- close content main div --><\/div><\/div><div id='after_section_2'  class='main_color av_default_container_wrap container_wrap sidebar_right' style=' '  ><div class='container' ><div class='template-page content  av-content-small alpha units'><div class='post-entry post-entry-type-page post-entry-31'><div class='entry-content-wrapper clearfix'>\n","protected":false},"excerpt":{"rendered":"","protected":false},"author":1,"featured_media":0,"parent":0,"menu_order":0,"comment_status":"closed","ping_status":"closed","template":"","meta":{"footnotes":""},"_links":{"self":[{"href":"https:\/\/www.semprecreditoimobiliario.com.br\/index.php\/wp-json\/wp\/v2\/pages\/31"}],"collection":[{"href":"https:\/\/www.semprecreditoimobiliario.com.br\/index.php\/wp-json\/wp\/v2\/pages"}],"about":[{"href":"https:\/\/www.semprecreditoimobiliario.com.br\/index.php\/wp-json\/wp\/v2\/types\/page"}],"author":[{"embeddable":true,"href":"https:\/\/www.semprecreditoimobiliario.com.br\/index.php\/wp-json\/wp\/v2\/users\/1"}],"replies":[{"embeddable":true,"href":"https:\/\/www.semprecreditoimobiliario.com.br\/index.php\/wp-json\/wp\/v2\/comments?post=31"}],"version-history":[{"count":10,"href":"https:\/\/www.semprecreditoimobiliario.com.br\/index.php\/wp-json\/wp\/v2\/pages\/31\/revisions"}],"predecessor-version":[{"id":454,"href":"https:\/\/www.semprecreditoimobiliario.com.br\/index.php\/wp-json\/wp\/v2\/pages\/31\/revisions\/454"}],"wp:attachment":[{"href":"https:\/\/www.semprecreditoimobiliario.com.br\/index.php\/wp-json\/wp\/v2\/media?parent=31"}],"curies":[{"name":"wp","href":"https:\/\/api.w.org\/{rel}","templated":true}]}}