{"id":25,"date":"2015-10-15T15:32:49","date_gmt":"2015-10-15T18:32:49","guid":{"rendered":"http:\/\/wpoffice\/construction\/?page_id=25"},"modified":"2021-12-21T12:08:13","modified_gmt":"2021-12-21T15:08:13","slug":"servicos","status":"publish","type":"page","link":"https:\/\/www.semprecreditoimobiliario.com.br\/index.php\/servicos\/","title":{"rendered":"Nossos Servi\u00e7os"},"content":{"rendered":"<div  style='padding-bottom:0px; ' class='av-special-heading av-special-heading-h2  blockquote modern-quote modern-centered  avia-builder-el-0  el_before_av_hr  avia-builder-el-first  '><h2 class='av-special-heading-tag '  itemprop=\"headline\"  >Nossos Servi\u00e7os<\/h2><div class='special-heading-border'><div class='special-heading-inner-border' ><\/div><\/div><\/div>\n<div  style=' margin-top:5px; margin-bottom:35px;'  class='hr hr-custom hr-center hr-icon-no   avia-builder-el-1  el_after_av_heading  el_before_av_one_full '><span class='hr-inner  inner-border-av-border-fat' style=' width:50px; border-color:#064d44;' ><span class='hr-inner-style'><\/span><\/span><\/div>\n<div class=\"flex_column av_one_full  flex_column_div av-zero-column-padding first  avia-builder-el-2  el_after_av_hr  el_before_av_one_half  \" style='border-radius:0px; '><section class=\"av_textblock_section \"  itemscope=\"itemscope\" itemtype=\"https:\/\/schema.org\/CreativeWork\" ><div class='avia_textblock  '   itemprop=\"text\" ><p style=\"text-align: justify;\">A sempre cr\u00e9dito imobili\u00e1rio oferece um conjunto de servi\u00e7os que possibilitam a aquisi\u00e7\u00e3o do im\u00f3vel pr\u00f3prio com tranquilidade e seguran\u00e7a. Nossas parcerias permitem selecionar as institui\u00e7\u00f5es que podem oferecer financiamento de acordo com o perfil do interessado, ajud\u00e1-lo a escolher a melhor op\u00e7\u00e3o e providenciar os documentos de acordo com a pol\u00edtica de cr\u00e9dito da institui\u00e7\u00e3o escolhida, de modo a garantir agilidade no processo, beneficiando ambas as partes.<\/p>\n<\/div><\/section><\/div>\n<div class=\"flex_column av_one_half  av-animated-generic bottom-to-top  flex_column_div av-zero-column-padding first  avia-builder-el-4  el_after_av_one_full  el_before_av_one_half  column-top-margin\" style='border-radius:0px; '><p><div  class='avia-image-container  av-styling-no-styling    avia-builder-el-5  el_before_av_heading  avia-builder-el-first  avia-align-center '  itemprop=\"image\" itemscope=\"itemscope\" itemtype=\"https:\/\/schema.org\/ImageObject\"  ><div class='avia-image-container-inner'><div class='avia-image-overlay-wrap'><a href='https:\/\/www.semprecreditoimobiliario.com.br\/index.php\/servicos\/financiamento\/' class='avia_image'  ><img decoding=\"async\" width=\"1030\" height=\"433\" class='wp-image-440 avia-img-lazy-loading-not-440 avia_image' src=\"https:\/\/www.semprecreditoimobiliario.com.br\/wp-content\/uploads\/2021\/12\/financiamento-1030x433.png\" alt='' title='financiamento'  itemprop=\"thumbnailUrl\" srcset=\"https:\/\/www.semprecreditoimobiliario.com.br\/wp-content\/uploads\/2021\/12\/financiamento-1030x433.png 1030w, https:\/\/www.semprecreditoimobiliario.com.br\/wp-content\/uploads\/2021\/12\/financiamento-300x126.png 300w, https:\/\/www.semprecreditoimobiliario.com.br\/wp-content\/uploads\/2021\/12\/financiamento-768x323.png 768w, https:\/\/www.semprecreditoimobiliario.com.br\/wp-content\/uploads\/2021\/12\/financiamento-1536x646.png 1536w, https:\/\/www.semprecreditoimobiliario.com.br\/wp-content\/uploads\/2021\/12\/financiamento-1500x631.png 1500w, https:\/\/www.semprecreditoimobiliario.com.br\/wp-content\/uploads\/2021\/12\/financiamento-705x296.png 705w, https:\/\/www.semprecreditoimobiliario.com.br\/wp-content\/uploads\/2021\/12\/financiamento.png 1701w\" sizes=\"(max-width: 1030px) 100vw, 1030px\" \/><\/a><\/div><\/div><\/div><br \/>\n<div  style='padding-bottom:0px; ' class='av-special-heading av-special-heading-h3  blockquote modern-quote  avia-builder-el-6  el_after_av_image  el_before_av_hr  '><h3 class='av-special-heading-tag '  itemprop=\"headline\"  >Financiamento Imobili\u00e1rio<\/h3><div class='special-heading-border'><div class='special-heading-inner-border' ><\/div><\/div><\/div><br \/>\n<div  style=' margin-top:10px; margin-bottom:10px;'  class='hr hr-custom hr-left hr-icon-no   avia-builder-el-7  el_after_av_heading  el_before_av_textblock '><span class='hr-inner  inner-border-av-border-fat' style=' width:50px; border-color:#064d44;' ><span class='hr-inner-style'><\/span><\/span><\/div><br \/>\n<section class=\"av_textblock_section \"  itemscope=\"itemscope\" itemtype=\"https:\/\/schema.org\/CreativeWork\" ><div class='avia_textblock  '   itemprop=\"text\" ><p>Financiamento para im\u00f3veis comerciais, residenciais e lotes urbanos.<\/p>\n<\/div><\/section><\/p><\/div>\n<div class=\"flex_column av_one_half  av-animated-generic bottom-to-top  flex_column_div av-zero-column-padding   avia-builder-el-9  el_after_av_one_half  el_before_av_one_half  column-top-margin\" style='border-radius:0px; '><p><div  class='avia-image-container  av-styling-no-styling    avia-builder-el-10  el_before_av_heading  avia-builder-el-first  avia-align-center '  itemprop=\"image\" itemscope=\"itemscope\" itemtype=\"https:\/\/schema.org\/ImageObject\"  ><div class='avia-image-container-inner'><div class='avia-image-overlay-wrap'><a href='https:\/\/www.semprecreditoimobiliario.com.br\/index.php\/servicos\/portabilidade\/' class='avia_image'  ><img decoding=\"async\" width=\"1030\" height=\"433\" class='wp-image-442 avia-img-lazy-loading-not-442 avia_image' src=\"https:\/\/www.semprecreditoimobiliario.com.br\/wp-content\/uploads\/2021\/12\/portabilidade-1030x433.png\" alt='' title='portabilidade'  itemprop=\"thumbnailUrl\" srcset=\"https:\/\/www.semprecreditoimobiliario.com.br\/wp-content\/uploads\/2021\/12\/portabilidade-1030x433.png 1030w, https:\/\/www.semprecreditoimobiliario.com.br\/wp-content\/uploads\/2021\/12\/portabilidade-300x126.png 300w, https:\/\/www.semprecreditoimobiliario.com.br\/wp-content\/uploads\/2021\/12\/portabilidade-768x323.png 768w, https:\/\/www.semprecreditoimobiliario.com.br\/wp-content\/uploads\/2021\/12\/portabilidade-1536x646.png 1536w, https:\/\/www.semprecreditoimobiliario.com.br\/wp-content\/uploads\/2021\/12\/portabilidade-1500x631.png 1500w, https:\/\/www.semprecreditoimobiliario.com.br\/wp-content\/uploads\/2021\/12\/portabilidade-705x296.png 705w, https:\/\/www.semprecreditoimobiliario.com.br\/wp-content\/uploads\/2021\/12\/portabilidade.png 1701w\" sizes=\"(max-width: 1030px) 100vw, 1030px\" \/><\/a><\/div><\/div><\/div><br \/>\n<div  style='padding-bottom:0px; ' class='av-special-heading av-special-heading-h3  blockquote modern-quote  avia-builder-el-11  el_after_av_image  el_before_av_hr  '><h3 class='av-special-heading-tag '  itemprop=\"headline\"  >Portabilidade de Financiamento<\/h3><div class='special-heading-border'><div class='special-heading-inner-border' ><\/div><\/div><\/div><br \/>\n<div  style=' margin-top:10px; margin-bottom:10px;'  class='hr hr-custom hr-left hr-icon-no   avia-builder-el-12  el_after_av_heading  el_before_av_textblock '><span class='hr-inner  inner-border-av-border-fat' style=' width:50px; border-color:#064d44;' ><span class='hr-inner-style'><\/span><\/span><\/div><br \/>\n<section class=\"av_textblock_section \"  itemscope=\"itemscope\" itemtype=\"https:\/\/schema.org\/CreativeWork\" ><div class='avia_textblock  '   itemprop=\"text\" ><p>Transfer\u00eancia do\u00a0<b>financiamento<\/b>\u00a0feita a pedido do cliente, de uma institui\u00e7\u00e3o financeira para outra.<\/p>\n<\/div><\/section><\/p><\/div>\n<div class=\"flex_column av_one_half  av-animated-generic bottom-to-top  flex_column_div av-zero-column-padding first  avia-builder-el-14  el_after_av_one_half  el_before_av_one_half  column-top-margin\" style='border-radius:0px; '><p><div  class='avia-image-container  av-styling-no-styling    avia-builder-el-15  el_before_av_heading  avia-builder-el-first  avia-align-center '  itemprop=\"image\" itemscope=\"itemscope\" itemtype=\"https:\/\/schema.org\/ImageObject\"  ><div class='avia-image-container-inner'><div class='avia-image-overlay-wrap'><a href='https:\/\/www.semprecreditoimobiliario.com.br\/index.php\/servicos\/credito-com-garantia\/' class='avia_image'  ><img decoding=\"async\" width=\"1030\" height=\"433\" class='wp-image-443 avia-img-lazy-loading-not-443 avia_image' src=\"https:\/\/www.semprecreditoimobiliario.com.br\/wp-content\/uploads\/2021\/12\/credito-1030x433.png\" alt='' title='credito'  itemprop=\"thumbnailUrl\" srcset=\"https:\/\/www.semprecreditoimobiliario.com.br\/wp-content\/uploads\/2021\/12\/credito-1030x433.png 1030w, https:\/\/www.semprecreditoimobiliario.com.br\/wp-content\/uploads\/2021\/12\/credito-300x126.png 300w, https:\/\/www.semprecreditoimobiliario.com.br\/wp-content\/uploads\/2021\/12\/credito-768x323.png 768w, https:\/\/www.semprecreditoimobiliario.com.br\/wp-content\/uploads\/2021\/12\/credito-1536x646.png 1536w, https:\/\/www.semprecreditoimobiliario.com.br\/wp-content\/uploads\/2021\/12\/credito-1500x631.png 1500w, https:\/\/www.semprecreditoimobiliario.com.br\/wp-content\/uploads\/2021\/12\/credito-705x296.png 705w, https:\/\/www.semprecreditoimobiliario.com.br\/wp-content\/uploads\/2021\/12\/credito.png 1701w\" sizes=\"(max-width: 1030px) 100vw, 1030px\" \/><\/a><\/div><\/div><\/div><br \/>\n<div  style='padding-bottom:0px; ' class='av-special-heading av-special-heading-h3  blockquote modern-quote  avia-builder-el-16  el_after_av_image  el_before_av_hr  '><h3 class='av-special-heading-tag '  itemprop=\"headline\"  >Cr\u00e9dito com Garantia<\/h3><div class='special-heading-border'><div class='special-heading-inner-border' ><\/div><\/div><\/div><br \/>\n<div  style=' margin-top:#064D44; margin-bottom:10px;'  class='hr hr-custom hr-left hr-icon-no   avia-builder-el-17  el_after_av_heading  el_before_av_textblock '><span class='hr-inner  inner-border-av-border-fat' style=' width:50px; border-color:#064d44;' ><span class='hr-inner-style'><\/span><\/span><\/div><br \/>\n<section class=\"av_textblock_section \"  itemscope=\"itemscope\" itemtype=\"https:\/\/schema.org\/CreativeWork\" ><div class='avia_textblock  '   itemprop=\"text\" ><p>Modalidade de empr\u00e9stimo que utiliza um im\u00f3vel ou um autom\u00f3vel como garantia.<\/p>\n<\/div><\/section><\/p><\/div>\n<div class=\"flex_column av_one_half  av-animated-generic bottom-to-top  flex_column_div av-zero-column-padding   avia-builder-el-19  el_after_av_one_half  avia-builder-el-last  ocultar column-top-margin\" style='border-radius:0px; '><p><div  class='avia-image-container  av-styling-no-styling    avia-builder-el-20  el_before_av_heading  avia-builder-el-first  avia-align-center '  itemprop=\"image\" itemscope=\"itemscope\" itemtype=\"https:\/\/schema.org\/ImageObject\"  ><div class='avia-image-container-inner'><div class='avia-image-overlay-wrap'><img decoding=\"async\" class='wp-image-85 avia-img-lazy-loading-not-85 avia_image' src=\"https:\/\/www.semprecreditoimobiliario.com.br\/wp-content\/uploads\/2015\/10\/urban-development-845x321.jpg\" alt='' title='Urban development' height=\"321\" width=\"845\"  itemprop=\"thumbnailUrl\"  \/><\/div><\/div><\/div><br \/>\n<div  style='padding-bottom:0px; ' class='av-special-heading av-special-heading-h3  blockquote modern-quote  avia-builder-el-21  el_after_av_image  el_before_av_hr  '><h3 class='av-special-heading-tag '  itemprop=\"headline\"  >Big Projects<\/h3><div class='special-heading-border'><div class='special-heading-inner-border' ><\/div><\/div><\/div><br \/>\n<div  style=' margin-top:10px; margin-bottom:10px;'  class='hr hr-custom hr-left hr-icon-no   avia-builder-el-22  el_after_av_heading  el_before_av_textblock '><span class='hr-inner  inner-border-av-border-fat' style=' width:50px; border-color:#064d44;' ><span class='hr-inner-style'><\/span><\/span><\/div><br \/>\n<section class=\"av_textblock_section \"  itemscope=\"itemscope\" itemtype=\"https:\/\/schema.org\/CreativeWork\" ><div class='avia_textblock  '   itemprop=\"text\" ><p>Lorem ipsum dolor sit amet, consectetuer adipiscing elit. Aenean commodo ligula eget dolor. Aenean massa.<\/p>\n<\/div><\/section><\/p><\/div>\n","protected":false},"excerpt":{"rendered":"","protected":false},"author":1,"featured_media":0,"parent":0,"menu_order":0,"comment_status":"closed","ping_status":"closed","template":"","meta":{"footnotes":""},"_links":{"self":[{"href":"https:\/\/www.semprecreditoimobiliario.com.br\/index.php\/wp-json\/wp\/v2\/pages\/25"}],"collection":[{"href":"https:\/\/www.semprecreditoimobiliario.com.br\/index.php\/wp-json\/wp\/v2\/pages"}],"about":[{"href":"https:\/\/www.semprecreditoimobiliario.com.br\/index.php\/wp-json\/wp\/v2\/types\/page"}],"author":[{"embeddable":true,"href":"https:\/\/www.semprecreditoimobiliario.com.br\/index.php\/wp-json\/wp\/v2\/users\/1"}],"replies":[{"embeddable":true,"href":"https:\/\/www.semprecreditoimobiliario.com.br\/index.php\/wp-json\/wp\/v2\/comments?post=25"}],"version-history":[{"count":15,"href":"https:\/\/www.semprecreditoimobiliario.com.br\/index.php\/wp-json\/wp\/v2\/pages\/25\/revisions"}],"predecessor-version":[{"id":505,"href":"https:\/\/www.semprecreditoimobiliario.com.br\/index.php\/wp-json\/wp\/v2\/pages\/25\/revisions\/505"}],"wp:attachment":[{"href":"https:\/\/www.semprecreditoimobiliario.com.br\/index.php\/wp-json\/wp\/v2\/media?parent=25"}],"curies":[{"name":"wp","href":"https:\/\/api.w.org\/{rel}","templated":true}]}}